{"id":545,"date":"2026-02-23T18:05:34","date_gmt":"2026-02-23T18:05:34","guid":{"rendered":"https:\/\/www.voiceoversusanne.com\/?page_id=545"},"modified":"2026-02-24T21:39:45","modified_gmt":"2026-02-24T21:39:45","slug":"die-stimme","status":"publish","type":"page","link":"https:\/\/www.voiceoversusanne.com\/index.php\/die-stimme\/","title":{"rendered":"Die Stimme"},"content":{"rendered":"\t\t<div data-elementor-type=\"wp-page\" data-elementor-id=\"545\" class=\"elementor elementor-545\">\n\t\t\t\t\t\t<section class=\"elementor-section elementor-top-section elementor-element elementor-element-3fc03aa elementor-section-boxed elementor-section-height-default elementor-section-height-default\" data-id=\"3fc03aa\" data-element_type=\"section\" data-e-type=\"section\">\n\t\t\t\t\t\t<div class=\"elementor-container elementor-column-gap-default\">\n\t\t\t\t\t<div class=\"elementor-column elementor-col-100 elementor-top-column elementor-element elementor-element-e3fd983\" data-id=\"e3fd983\" data-element_type=\"column\" data-e-type=\"column\">\n\t\t\t<div class=\"elementor-widget-wrap elementor-element-populated\">\n\t\t\t\t\t\t<section class=\"elementor-section elementor-inner-section elementor-element elementor-element-45ccab8 elementor-section-boxed elementor-section-height-default elementor-section-height-default\" data-id=\"45ccab8\" data-element_type=\"section\" data-e-type=\"section\">\n\t\t\t\t\t\t<div class=\"elementor-container elementor-column-gap-default\">\n\t\t\t\t\t<div class=\"elementor-column elementor-col-50 elementor-inner-column elementor-element elementor-element-4477f4c\" data-id=\"4477f4c\" data-element_type=\"column\" data-e-type=\"column\">\n\t\t\t<div class=\"elementor-widget-wrap elementor-element-populated\">\n\t\t\t\t\t\t<div class=\"elementor-element elementor-element-2faaa8f elementor-widget elementor-widget-image\" data-id=\"2faaa8f\" data-element_type=\"widget\" data-e-type=\"widget\" data-widget_type=\"image.default\">\n\t\t\t\t<div class=\"elementor-widget-container\">\n\t\t\t\t\t\t\t\t\t\t\t\t\t\t\t<img fetchpriority=\"high\" decoding=\"async\" width=\"300\" height=\"300\" src=\"https:\/\/www.voiceoversusanne.com\/wp-content\/uploads\/2026\/02\/6940b4af-117b-4ef4-bbbb-b98b0f3604af-300x300.jpeg\" class=\"attachment-medium size-medium wp-image-547\" alt=\"\" srcset=\"https:\/\/www.voiceoversusanne.com\/wp-content\/uploads\/2026\/02\/6940b4af-117b-4ef4-bbbb-b98b0f3604af-300x300.jpeg 300w, https:\/\/www.voiceoversusanne.com\/wp-content\/uploads\/2026\/02\/6940b4af-117b-4ef4-bbbb-b98b0f3604af-150x150.jpeg 150w, https:\/\/www.voiceoversusanne.com\/wp-content\/uploads\/2026\/02\/6940b4af-117b-4ef4-bbbb-b98b0f3604af-768x768.jpeg 768w, https:\/\/www.voiceoversusanne.com\/wp-content\/uploads\/2026\/02\/6940b4af-117b-4ef4-bbbb-b98b0f3604af.jpeg 845w\" sizes=\"(max-width: 300px) 100vw, 300px\" \/>\t\t\t\t\t\t\t\t\t\t\t\t\t\t\t<\/div>\n\t\t\t\t<\/div>\n\t\t\t\t\t<\/div>\n\t\t<\/div>\n\t\t\t\t<div class=\"elementor-column elementor-col-50 elementor-inner-column elementor-element elementor-element-9f7f79a\" data-id=\"9f7f79a\" data-element_type=\"column\" data-e-type=\"column\">\n\t\t\t<div class=\"elementor-widget-wrap elementor-element-populated\">\n\t\t\t\t\t\t<div class=\"elementor-element elementor-element-35c2638 elementor-widget elementor-widget-text-editor\" data-id=\"35c2638\" data-element_type=\"widget\" data-e-type=\"widget\" data-widget_type=\"text-editor.default\">\n\t\t\t\t<div class=\"elementor-widget-container\">\n\t\t\t\t\t\t\t\t\t\u00dcber mich: Meine Liebe f\u00fcr das Drachenfliegen, verschlug mich einst nach Lanzarote und lie\u00df mich dort einen Mann finden, der meine Leidenschaft teilt. Durch diesen Wechsel in ein anderes Land und eine andere Sprache musste ich meinen Beruf am Theater nat\u00fcrlich an den Nagel h\u00e4ngen und baute mir auf Lanzarote eine Firma in einer anderen Branche auf. Dank Audible konnte ich nun vor einigen Jahren zu meinen Wurzeln zur\u00fcckkehren und mit meiner Stimme Worten Leben verleihen. Ich habe mir daf\u00fcr damals noch einmal eine l\u00e4ngere Ausbildung als Sprecher geg\u00f6nnt, unter anderem bei der fantastischen Katharina Koschny, habe mir mit Johanna Engelke eine professionelle Atem-Sprech und Stimmlehrerin und mit Marco Verreschi einen kompetenten Tontechniker, gesucht und war dann endlich soweit, voll in meinem neuen Beruf einzusteigen. Inzwischen produziere ich erfolgreich Audioaufnahmen und H\u00f6rb\u00fccher und hoffe dies bis an mein Lebensende tun zu  k\u00f6nnen. \t\t\t\t\t\t\t\t<\/div>\n\t\t\t\t<\/div>\n\t\t\t\t\t<\/div>\n\t\t<\/div>\n\t\t\t\t\t<\/div>\n\t\t<\/section>\n\t\t\t\t\t<\/div>\n\t\t<\/div>\n\t\t\t\t\t<\/div>\n\t\t<\/section>\n\t\t\t\t<section class=\"elementor-section elementor-top-section elementor-element elementor-element-5e69ab3 elementor-section-boxed elementor-section-height-default elementor-section-height-default\" data-id=\"5e69ab3\" data-element_type=\"section\" data-e-type=\"section\">\n\t\t\t\t\t\t<div class=\"elementor-container elementor-column-gap-default\">\n\t\t\t\t\t<div class=\"elementor-column elementor-col-100 elementor-top-column elementor-element elementor-element-aa6f9ec\" data-id=\"aa6f9ec\" data-element_type=\"column\" data-e-type=\"column\">\n\t\t\t<div class=\"elementor-widget-wrap elementor-element-populated\">\n\t\t\t\t\t\t<section class=\"elementor-section elementor-inner-section elementor-element elementor-element-53f8dfa elementor-section-boxed elementor-section-height-default elementor-section-height-default\" data-id=\"53f8dfa\" data-element_type=\"section\" data-e-type=\"section\">\n\t\t\t\t\t\t<div class=\"elementor-container elementor-column-gap-default\">\n\t\t\t\t\t<div class=\"elementor-column elementor-col-100 elementor-inner-column elementor-element elementor-element-8d0bc5e\" data-id=\"8d0bc5e\" data-element_type=\"column\" data-e-type=\"column\">\n\t\t\t<div class=\"elementor-widget-wrap elementor-element-populated\">\n\t\t\t\t\t\t<div class=\"elementor-element elementor-element-ea618df elementor-widget elementor-widget-text-editor\" data-id=\"ea618df\" data-element_type=\"widget\" data-e-type=\"widget\" data-widget_type=\"text-editor.default\">\n\t\t\t\t<div class=\"elementor-widget-container\">\n\t\t\t\t\t\t\t\t\t<p><b>Ein Post von einer Autorin: <\/b>Was gibt es sch\u00f6neres, als in der Sonne zu sitzen um ein Buch zu lesen. Ein Buch von einer verr\u00fcckten \u00fcbergewichtigen Pilgerin, ohne Sprachkenntnisse und total unsportlich. Die sich mit ihrer jungen Labradorh\u00fcndin auf den Weg nach Santiago macht. 1000km. Doch das Buch erz\u00e4hlt noch viel mehr<br> Aber das sollt ihr selber lesen. Und es gibt noch eine M\u00f6glichkeit, sich einfach mit Maria auf den Weg zu machen, mit den H\u00f6rbuch und selben Titel: Perros no&#8230;und andere Schwierigkeiten auf und um den Jakobsweg. Bei Audible und Amazon. Das H\u00f6rbuch dauert  gut 10 Stunden und bestens f\u00fcr einen langen Flug oder Autofahrt geeignet. Ich wei\u00df, da\u00df ich euch zum Lachen bringe und euch manchmal selbst in meinen Zeilen findet. <\/p>\n<p>Vor 3 Tagen sagte eine Frau zu mir, wie sch\u00f6n das H\u00f6rbuch ist, obwohl ich das gar nicht machen wollte.<br>Bis eine Frau, mit der ich nur 5 Minuten gesprochen hatte, welche in Lanzarote ein Studio hatte, so \u00fcberzeugt war von der Idee, da\u00df sie die Kosten \u00fcbernahm.<br>Ich konnte mir das Buch in hochdeutsch vorgetragen, nicht vorstellen.<br>Doch <b>sie hat soviel Herzblut und Gef\u00fchl beim Einsprechen reingebracht, so dass ich \u00fcber meine eigene Geschichte dann lachen und weinen mu\u00dfte.<\/b><br>Und wenn ihr es gelesen oder geh\u00f6rt habt, dann sagt mir Bescheid, wenn es euch gefallen hat.<\/p>\n<p>Ich habe \u00fcber mein Buch soviel wunderbare Menschen kennen gelernt, dass ich hoffe , es werden noch mehr.<br>Alles Liebe Maria Mohrwind<\/p>\t\t\t\t\t\t\t\t<\/div>\n\t\t\t\t<\/div>\n\t\t\t\t\t<\/div>\n\t\t<\/div>\n\t\t\t\t\t<\/div>\n\t\t<\/section>\n\t\t\t\t\t<\/div>\n\t\t<\/div>\n\t\t\t\t\t<\/div>\n\t\t<\/section>\n\t\t\t\t<section class=\"elementor-section elementor-top-section elementor-element elementor-element-b36173e elementor-section-boxed elementor-section-height-default elementor-section-height-default\" data-id=\"b36173e\" data-element_type=\"section\" data-e-type=\"section\">\n\t\t\t\t\t\t<div class=\"elementor-container elementor-column-gap-default\">\n\t\t\t\t\t<div class=\"elementor-column elementor-col-100 elementor-top-column elementor-element elementor-element-08ef8f8\" data-id=\"08ef8f8\" data-element_type=\"column\" data-e-type=\"column\">\n\t\t\t<div class=\"elementor-widget-wrap elementor-element-populated\">\n\t\t\t\t\t\t<div class=\"elementor-element elementor-element-7731196 elementor-widget elementor-widget-text-editor\" data-id=\"7731196\" data-element_type=\"widget\" data-e-type=\"widget\" data-widget_type=\"text-editor.default\">\n\t\t\t\t<div class=\"elementor-widget-container\">\n\t\t\t\t\t\t\t\t\t<p><a href=\"https:\/\/www.voiceoversusanne.com\/index.php\/datenschutzerklaerung\/\" target=\"_blank\" style=\"background-color: rgb(26, 26, 26);\">Datenschutzerk\u00e4rung<\/a>|&nbsp;<a href=\"https:\/\/www.voiceoversusanne.com\/index.php\/impressum\/\" target=\"_blank\" style=\"background-color: rgb(26, 26, 26);\">Impressum<\/a><\/p>\t\t\t\t\t\t\t\t<\/div>\n\t\t\t\t<\/div>\n\t\t\t\t\t<\/div>\n\t\t<\/div>\n\t\t\t\t\t<\/div>\n\t\t<\/section>\n\t\t\t\t<\/div>\n\t\t","protected":false},"excerpt":{"rendered":"<p>\u00dcber mich: Meine Liebe f\u00fcr das Drachenfliegen, verschlug mich einst nach Lanzarote und lie\u00df mich dort einen Mann finden, der meine Leidenschaft teilt. Durch diesen Wechsel in ein anderes Land und eine andere Sprache musste ich meinen Beruf am Theater nat\u00fcrlich an den Nagel h\u00e4ngen und baute mir auf Lanzarote eine Firma in einer anderen [&hellip;]<\/p>\n","protected":false},"author":2,"featured_media":0,"parent":0,"menu_order":0,"comment_status":"closed","ping_status":"closed","template":"","meta":{"footnotes":""},"class_list":["post-545","page","type-page","status-publish","hentry"],"_links":{"self":[{"href":"https:\/\/www.voiceoversusanne.com\/index.php\/wp-json\/wp\/v2\/pages\/545","targetHints":{"allow":["GET"]}}],"collection":[{"href":"https:\/\/www.voiceoversusanne.com\/index.php\/wp-json\/wp\/v2\/pages"}],"about":[{"href":"https:\/\/www.voiceoversusanne.com\/index.php\/wp-json\/wp\/v2\/types\/page"}],"author":[{"embeddable":true,"href":"https:\/\/www.voiceoversusanne.com\/index.php\/wp-json\/wp\/v2\/users\/2"}],"replies":[{"embeddable":true,"href":"https:\/\/www.voiceoversusanne.com\/index.php\/wp-json\/wp\/v2\/comments?post=545"}],"version-history":[{"count":18,"href":"https:\/\/www.voiceoversusanne.com\/index.php\/wp-json\/wp\/v2\/pages\/545\/revisions"}],"predecessor-version":[{"id":673,"href":"https:\/\/www.voiceoversusanne.com\/index.php\/wp-json\/wp\/v2\/pages\/545\/revisions\/673"}],"wp:attachment":[{"href":"https:\/\/www.voiceoversusanne.com\/index.php\/wp-json\/wp\/v2\/media?parent=545"}],"curies":[{"name":"wp","href":"https:\/\/api.w.org\/{rel}","templated":true}]}}